{"id":1369,"date":"2021-02-25T19:33:32","date_gmt":"2021-02-25T19:33:32","guid":{"rendered":"https:\/\/catsunivers.com\/?page_id=1369"},"modified":"2022-06-12T18:25:33","modified_gmt":"2022-06-12T18:25:33","slug":"lev-vel-kapitel-8","status":"publish","type":"page","link":"https:\/\/catsunivers.com\/en\/podcast\/lev-vel\/lev-vel-kapitel-8\/","title":{"rendered":"Lev Vel: kapitel 8"},"content":{"rendered":"<div data-elementor-type=\"wp-page\" data-elementor-id=\"1369\" class=\"elementor elementor-1369\">\n\t\t\t\t\t\t<section class=\"elementor-section elementor-top-section elementor-element elementor-element-326e3bc4 elementor-section-boxed elementor-section-height-default elementor-section-height-default\" data-id=\"326e3bc4\" data-element_type=\"section\">\n\t\t\t\t\t\t<div class=\"elementor-container elementor-column-gap-default\">\n\t\t\t\t\t<div class=\"elementor-column elementor-col-100 elementor-top-column elementor-element elementor-element-4a7c5a2\" data-id=\"4a7c5a2\" data-element_type=\"column\">\n\t\t\t<div class=\"elementor-widget-wrap elementor-element-populated\">\n\t\t\t\t\t\t<div class=\"elementor-element elementor-element-b3da65f elementor-widget elementor-widget-heading\" data-id=\"b3da65f\" data-element_type=\"widget\" data-widget_type=\"heading.default\">\n\t\t\t\t<div class=\"elementor-widget-container\">\n\t\t\t<h1 class=\"elementor-heading-title elementor-size-default\">Kapitel 8: Molly forsvinder<\/h1>\t\t<\/div>\n\t\t\t\t<\/div>\n\t\t\t\t<div class=\"elementor-element elementor-element-14f13abe elementor-widget elementor-widget-ucaddon_uc_minified_audio_player\" data-id=\"14f13abe\" data-element_type=\"widget\" data-widget_type=\"ucaddon_uc_minified_audio_player.default\">\n\t\t\t\t<div class=\"elementor-widget-container\">\n\t\t\t\n<!-- start Minified Audio Player -->\n\t\t<link id='font-awesome-css' href='https:\/\/catsunivers.com\/wp-content\/plugins\/unlimited-elements-for-elementor\/assets_libraries\/font-awesome6\/fontawesome-all.min.css' type='text\/css' rel='stylesheet' >\n\t\t<link id='font-awesome-4-shim-css' href='https:\/\/catsunivers.com\/wp-content\/plugins\/unlimited-elements-for-elementor\/assets_libraries\/font-awesome6\/fontawesome-v4-shims.min.css' type='text\/css' rel='stylesheet' >\n\t\t<link id='uc_cdnjs_cloudflare_com_ajax_libs_mediaelement_2_23_4_mediaelementplayer_css-css' href='https:\/\/cdnjs.cloudflare.com\/ajax\/libs\/mediaelement\/2.23.4\/mediaelementplayer.css' type='text\/css' rel='stylesheet' >\n\t\t<link id='uc_ac_assets_file_uc_minified_audio_player_css_25187-css' href='https:\/\/catsunivers.com\/wp-content\/uploads\/ac_assets\/uc_minified_audio_player\/uc_minified_audio_player.css' type='text\/css' rel='stylesheet' >\n\n<style>\/* widget: Minified Audio Player *\/\n\n#uc_uc_minified_audio_player_elementor_14f13abe .mejs-play button::after{ font: normal 20px\/1 \"Font Awesome 5 Free\";content:\"\\f04b\";\tposition:absolute;color:#fff;left:0px; top:0px; font-weight:900;}\n#uc_uc_minified_audio_player_elementor_14f13abe .mejs-pause button::after{font: normal 20px\/1 \"Font Awesome 5 Free\";content:\"\\f04c \";\tposition:absolute;color:#fff;left:0px; top:0px; font-weight:900;}\n#uc_uc_minified_audio_player_elementor_14f13abe .mejs-volume-button button::after{font: normal 16px\/1 \"Font Awesome 5 Free\";content:\"\\f028\";position:absolute;color:#fff;left:0px; top:0px; font-weight:900;}\n#uc_uc_minified_audio_player_elementor_14f13abe .mejs-unmute button::after{font: normal 16px\/1 \"Font Awesome 5 Free\";content:\"\\f026\";position:absolute;color:#fff;left:0px; top:0px; font-weight:900;}\n\n<\/style>\n\n<div class=\"uc_minified_audio_player\" id=\"uc_uc_minified_audio_player_elementor_14f13abe\" style=\"direction:ltr;\">\n    <div class=\"uc_container_image\" style=\"background-color:#97E0FF;\">\n    \t<div class=\"uc_audio_caption\">\n            <audio id=\"player-uc_uc_minified_audio_player_elementor_14f13abe\" src=\"https:\/\/catsunivers.com\/#\" type=\"audio\/mpeg\" controls><\/audio>\t\n        <\/div>\n    <\/div>\n<\/div>\n<!-- end Minified Audio Player -->\t\t<\/div>\n\t\t\t\t<\/div>\n\t\t\t\t<section class=\"elementor-section elementor-inner-section elementor-element elementor-element-9e63e6f elementor-section-boxed elementor-section-height-default elementor-section-height-default\" data-id=\"9e63e6f\" data-element_type=\"section\">\n\t\t\t\t\t\t<div class=\"elementor-container elementor-column-gap-default\">\n\t\t\t\t\t<div class=\"elementor-column elementor-col-50 elementor-inner-column elementor-element elementor-element-555d99c4\" data-id=\"555d99c4\" data-element_type=\"column\" data-settings=\"{&quot;background_background&quot;:&quot;classic&quot;}\">\n\t\t\t<div class=\"elementor-widget-wrap elementor-element-populated\">\n\t\t\t\t\t<div class=\"elementor-background-overlay\"><\/div>\n\t\t\t\t\t\t<div class=\"elementor-element elementor-element-7619b33e elementor-widget elementor-widget-text-editor\" data-id=\"7619b33e\" data-element_type=\"widget\" data-widget_type=\"text-editor.default\">\n\t\t\t\t<div class=\"elementor-widget-container\">\n\t\t\t\t\t\t\t<ul><li>M&amp;M rundvisning i medarbejdernes lokaler &#8211; Pigerne udsp\u00f8rger ham lidt. Sp\u00f8rger Alison, hvor der er bedst at shoppe &#8211; hun fort\u00e6ller om popcorn restaurant<\/li><li>G\u00e5r op i den nye bydel og shopper i Holister.<\/li><li>M\u00f8der Fiona foran Cuckoos Bakery &#8211; de er ved at opfinde ny cupcake . Fiona viser dem en fed genbrugsbutik<\/li><li>Popcorn restaurant, hvor Adam kommer og de hygger sig. Fiona fort\u00e6ller noget om Alison, da de er i familie og bedste veninder<\/li><li>Sissel f\u00e5r det skidt og hentes af ambulancen<\/li><li>Cat f\u00f8lges med Adam og Fiona hjem<\/li><li>Molly er v\u00e6k<\/li><li>Cat f\u00f8ler en blanding af nerv\u00f8sitet og sp\u00e6nding over det, der sker omkring hende. F\u00f8lelserne f\u00e5r Adam bliver st\u00e6rkere men er ogs\u00e5 i kontakt med Willliam. Cat bliver nerv\u00f8s for Sissel og angst for at miste Molly. Adam viser sig som en ven, der f\u00e5r Cat til at tro p\u00e5, at de kan k\u00e6mpe for at f\u00e5 Molly tilbage<\/li><\/ul>\t\t\t\t\t\t<\/div>\n\t\t\t\t<\/div>\n\t\t\t\t\t<\/div>\n\t\t<\/div>\n\t\t\t\t<div class=\"elementor-column elementor-col-50 elementor-inner-column elementor-element elementor-element-615b28cc\" data-id=\"615b28cc\" data-element_type=\"column\">\n\t\t\t<div class=\"elementor-widget-wrap elementor-element-populated\">\n\t\t\t\t\t\t<div class=\"elementor-element elementor-element-3f25347e elementor-widget elementor-widget-image\" data-id=\"3f25347e\" data-element_type=\"widget\" data-widget_type=\"image.default\">\n\t\t\t\t<div class=\"elementor-widget-container\">\n\t\t\t\t\t\t\t\t\t\t\t\t\t<img fetchpriority=\"high\" decoding=\"async\" width=\"1221\" height=\"1080\" src=\"https:\/\/catsunivers.com\/wp-content\/uploads\/2022\/01\/Form-51_20211205_19051889.png\" class=\"attachment-full size-full wp-image-2041\" alt=\"\" srcset=\"https:\/\/catsunivers.com\/wp-content\/uploads\/2022\/01\/Form-51_20211205_19051889.png 1221w, https:\/\/catsunivers.com\/wp-content\/uploads\/2022\/01\/Form-51_20211205_19051889-300x265.png 300w, https:\/\/catsunivers.com\/wp-content\/uploads\/2022\/01\/Form-51_20211205_19051889-1024x906.png 1024w, https:\/\/catsunivers.com\/wp-content\/uploads\/2022\/01\/Form-51_20211205_19051889-768x679.png 768w, https:\/\/catsunivers.com\/wp-content\/uploads\/2022\/01\/Form-51_20211205_19051889-14x12.png 14w\" sizes=\"(max-width: 1221px) 100vw, 1221px\" \/>\t\t\t\t\t\t\t\t\t\t\t\t\t<\/div>\n\t\t\t\t<\/div>\n\t\t\t\t\t<\/div>\n\t\t<\/div>\n\t\t\t\t\t<\/div>\n\t\t<\/section>\n\t\t\t\t\t<\/div>\n\t\t<\/div>\n\t\t\t\t\t<\/div>\n\t\t<\/section>\n\t\t\t\t<section class=\"elementor-section elementor-top-section elementor-element elementor-element-d1f282a elementor-section-boxed elementor-section-height-default elementor-section-height-default\" data-id=\"d1f282a\" data-element_type=\"section\">\n\t\t\t\t\t\t<div class=\"elementor-container elementor-column-gap-default\">\n\t\t\t\t\t<div class=\"elementor-column elementor-col-10 elementor-top-column elementor-element elementor-element-dc75fd9\" data-id=\"dc75fd9\" data-element_type=\"column\">\n\t\t\t<div class=\"elementor-widget-wrap elementor-element-populated\">\n\t\t\t\t\t\t<div class=\"elementor-element elementor-element-d88b5da elementor-view-default elementor-widget elementor-widget-icon\" data-id=\"d88b5da\" data-element_type=\"widget\" data-widget_type=\"icon.default\">\n\t\t\t\t<div class=\"elementor-widget-container\">\n\t\t\t\t\t<div class=\"elementor-icon-wrapper\">\n\t\t\t<div class=\"elementor-icon\">\n\t\t\t<i aria-hidden=\"true\" class=\"fas fa-angle-left\"><\/i>\t\t\t<\/div>\n\t\t<\/div>\n\t\t\t\t<\/div>\n\t\t\t\t<\/div>\n\t\t\t\t\t<\/div>\n\t\t<\/div>\n\t\t\t\t<div class=\"elementor-column elementor-col-10 elementor-top-column elementor-element elementor-element-144ba02\" data-id=\"144ba02\" data-element_type=\"column\">\n\t\t\t<div class=\"elementor-widget-wrap elementor-element-populated\">\n\t\t\t\t\t\t<div class=\"elementor-element elementor-element-799ab22 elementor-widget elementor-widget-image\" data-id=\"799ab22\" data-element_type=\"widget\" data-widget_type=\"image.default\">\n\t\t\t\t<div class=\"elementor-widget-container\">\n\t\t\t\t\t\t\t\t\t\t\t\t\t\t<a href=\"https:\/\/catsunivers.com\/en\/podcast\/lev-vel\/lev-vel-kapitel-7\/\">\n\t\t\t\t\t\t\t<img decoding=\"async\" width=\"202\" height=\"108\" src=\"https:\/\/catsunivers.com\/wp-content\/uploads\/2021\/01\/knap7.png\" class=\"elementor-animation-shrink attachment-large size-large wp-image-729\" alt=\"\" srcset=\"https:\/\/catsunivers.com\/wp-content\/uploads\/2021\/01\/knap7.png 202w, https:\/\/catsunivers.com\/wp-content\/uploads\/2021\/01\/knap7-16x9.png 16w\" sizes=\"(max-width: 202px) 100vw, 202px\" \/>\t\t\t\t\t\t\t\t<\/a>\n\t\t\t\t\t\t\t\t\t\t\t\t\t<\/div>\n\t\t\t\t<\/div>\n\t\t\t\t\t<\/div>\n\t\t<\/div>\n\t\t\t\t<div class=\"elementor-column elementor-col-10 elementor-top-column elementor-element elementor-element-aec912b\" data-id=\"aec912b\" data-element_type=\"column\">\n\t\t\t<div class=\"elementor-widget-wrap\">\n\t\t\t\t\t\t\t<\/div>\n\t\t<\/div>\n\t\t\t\t<div class=\"elementor-column elementor-col-10 elementor-top-column elementor-element elementor-element-5909802\" data-id=\"5909802\" data-element_type=\"column\">\n\t\t\t<div class=\"elementor-widget-wrap\">\n\t\t\t\t\t\t\t<\/div>\n\t\t<\/div>\n\t\t\t\t<div class=\"elementor-column elementor-col-10 elementor-top-column elementor-element elementor-element-7dc1bf1\" data-id=\"7dc1bf1\" data-element_type=\"column\">\n\t\t\t<div class=\"elementor-widget-wrap\">\n\t\t\t\t\t\t\t<\/div>\n\t\t<\/div>\n\t\t\t\t<div class=\"elementor-column elementor-col-10 elementor-top-column elementor-element elementor-element-93159b6\" data-id=\"93159b6\" data-element_type=\"column\">\n\t\t\t<div class=\"elementor-widget-wrap\">\n\t\t\t\t\t\t\t<\/div>\n\t\t<\/div>\n\t\t\t\t<div class=\"elementor-column elementor-col-10 elementor-top-column elementor-element elementor-element-45270d5\" data-id=\"45270d5\" data-element_type=\"column\">\n\t\t\t<div class=\"elementor-widget-wrap\">\n\t\t\t\t\t\t\t<\/div>\n\t\t<\/div>\n\t\t\t\t<div class=\"elementor-column elementor-col-10 elementor-top-column elementor-element elementor-element-b62cf8c\" data-id=\"b62cf8c\" data-element_type=\"column\">\n\t\t\t<div class=\"elementor-widget-wrap\">\n\t\t\t\t\t\t\t<\/div>\n\t\t<\/div>\n\t\t\t\t<div class=\"elementor-column elementor-col-10 elementor-top-column elementor-element elementor-element-5b43c75\" data-id=\"5b43c75\" data-element_type=\"column\">\n\t\t\t<div class=\"elementor-widget-wrap elementor-element-populated\">\n\t\t\t\t\t\t<div class=\"elementor-element elementor-element-c3a9c99 elementor-widget elementor-widget-image\" data-id=\"c3a9c99\" data-element_type=\"widget\" data-widget_type=\"image.default\">\n\t\t\t\t<div class=\"elementor-widget-container\">\n\t\t\t\t\t\t\t\t\t\t\t\t\t\t<a href=\"https:\/\/catsunivers.com\/en\/podcast\/lev-vel\/lev-vel-kapitel-9\/\">\n\t\t\t\t\t\t\t<img decoding=\"async\" width=\"202\" height=\"108\" src=\"https:\/\/catsunivers.com\/wp-content\/uploads\/2021\/01\/knap9.png\" class=\"elementor-animation-shrink attachment-large size-large wp-image-731\" alt=\"\" srcset=\"https:\/\/catsunivers.com\/wp-content\/uploads\/2021\/01\/knap9.png 202w, https:\/\/catsunivers.com\/wp-content\/uploads\/2021\/01\/knap9-16x9.png 16w\" sizes=\"(max-width: 202px) 100vw, 202px\" \/>\t\t\t\t\t\t\t\t<\/a>\n\t\t\t\t\t\t\t\t\t\t\t\t\t<\/div>\n\t\t\t\t<\/div>\n\t\t\t\t\t<\/div>\n\t\t<\/div>\n\t\t\t\t<div class=\"elementor-column elementor-col-10 elementor-top-column elementor-element elementor-element-571eecf\" data-id=\"571eecf\" data-element_type=\"column\">\n\t\t\t<div class=\"elementor-widget-wrap elementor-element-populated\">\n\t\t\t\t\t\t<div class=\"elementor-element elementor-element-8a78f75 elementor-view-default elementor-widget elementor-widget-icon\" data-id=\"8a78f75\" data-element_type=\"widget\" data-widget_type=\"icon.default\">\n\t\t\t\t<div class=\"elementor-widget-container\">\n\t\t\t\t\t<div class=\"elementor-icon-wrapper\">\n\t\t\t<div class=\"elementor-icon\">\n\t\t\t<i aria-hidden=\"true\" class=\"fas fa-angle-right\"><\/i>\t\t\t<\/div>\n\t\t<\/div>\n\t\t\t\t<\/div>\n\t\t\t\t<\/div>\n\t\t\t\t\t<\/div>\n\t\t<\/div>\n\t\t\t\t\t<\/div>\n\t\t<\/section>\n\t\t\t\t<\/div>","protected":false},"excerpt":{"rendered":"<p>Kapitel 8: Molly forsvinder M&amp;M rundvisning i medarbejdernes lokaler &#8211; Pigerne udsp\u00f8rger ham lidt. Sp\u00f8rger Alison, hvor der er bedst at shoppe &#8211; hun fort\u00e6ller om popcorn restaurant G\u00e5r op i den nye bydel og shopper i Holister. M\u00f8der Fiona foran Cuckoos Bakery &#8211; de er ved at opfinde ny cupcake . Fiona viser dem [&hellip;]<\/p>","protected":false},"author":1,"featured_media":0,"parent":314,"menu_order":0,"comment_status":"closed","ping_status":"closed","template":"","meta":{"site-sidebar-layout":"no-sidebar","site-content-layout":"page-builder","ast-site-content-layout":"","site-content-style":"default","site-sidebar-style":"default","ast-global-header-display":"","ast-banner-title-visibility":"","ast-main-header-display":"","ast-hfb-above-header-display":"","ast-hfb-below-header-display":"","ast-hfb-mobile-header-display":"","site-post-title":"disabled","ast-breadcrumbs-content":"","ast-featured-img":"disabled","footer-sml-layout":"","theme-transparent-header-meta":"default","adv-header-id-meta":"","stick-header-meta":"","header-above-stick-meta":"","header-main-stick-meta":"","header-below-stick-meta":"","astra-migrate-meta-layouts":"default","ast-page-background-enabled":"default","ast-page-background-meta":{"desktop":{"background-color":"","background-image":"","background-repeat":"repeat","background-position":"center center","background-size":"auto","background-attachment":"scroll","background-type":"","background-media":"","overlay-type":"","overlay-color":"","overlay-opacity":"","overlay-gradient":""},"tablet":{"background-color":"","background-image":"","background-repeat":"repeat","background-position":"center center","background-size":"auto","background-attachment":"scroll","background-type":"","background-media":"","overlay-type":"","overlay-color":"","overlay-opacity":"","overlay-gradient":""},"mobile":{"background-color":"","background-image":"","background-repeat":"repeat","background-position":"center center","background-size":"auto","background-attachment":"scroll","background-type":"","background-media":"","overlay-type":"","overlay-color":"","overlay-opacity":"","overlay-gradient":""}},"ast-content-background-meta":{"desktop":{"background-color":"var(--ast-global-color-5)","background-image":"","background-repeat":"repeat","background-position":"center center","background-size":"auto","background-attachment":"scroll","background-type":"","background-media":"","overlay-type":"","overlay-color":"","overlay-opacity":"","overlay-gradient":""},"tablet":{"background-color":"var(--ast-global-color-5)","background-image":"","background-repeat":"repeat","background-position":"center center","background-size":"auto","background-attachment":"scroll","background-type":"","background-media":"","overlay-type":"","overlay-color":"","overlay-opacity":"","overlay-gradient":""},"mobile":{"background-color":"var(--ast-global-color-5)","background-image":"","background-repeat":"repeat","background-position":"center center","background-size":"auto","background-attachment":"scroll","background-type":"","background-media":"","overlay-type":"","overlay-color":"","overlay-opacity":"","overlay-gradient":""}},"footnotes":""},"class_list":["post-1369","page","type-page","status-publish","hentry"],"_links":{"self":[{"href":"https:\/\/catsunivers.com\/en\/wp-json\/wp\/v2\/pages\/1369","targetHints":{"allow":["GET"]}}],"collection":[{"href":"https:\/\/catsunivers.com\/en\/wp-json\/wp\/v2\/pages"}],"about":[{"href":"https:\/\/catsunivers.com\/en\/wp-json\/wp\/v2\/types\/page"}],"author":[{"embeddable":true,"href":"https:\/\/catsunivers.com\/en\/wp-json\/wp\/v2\/users\/1"}],"replies":[{"embeddable":true,"href":"https:\/\/catsunivers.com\/en\/wp-json\/wp\/v2\/comments?post=1369"}],"version-history":[{"count":13,"href":"https:\/\/catsunivers.com\/en\/wp-json\/wp\/v2\/pages\/1369\/revisions"}],"predecessor-version":[{"id":2099,"href":"https:\/\/catsunivers.com\/en\/wp-json\/wp\/v2\/pages\/1369\/revisions\/2099"}],"up":[{"embeddable":true,"href":"https:\/\/catsunivers.com\/en\/wp-json\/wp\/v2\/pages\/314"}],"wp:attachment":[{"href":"https:\/\/catsunivers.com\/en\/wp-json\/wp\/v2\/media?parent=1369"}],"curies":[{"name":"wp","href":"https:\/\/api.w.org\/{rel}","templated":true}]}}