{"id":1370,"date":"2021-02-25T19:33:34","date_gmt":"2021-02-25T19:33:34","guid":{"rendered":"https:\/\/catsunivers.com\/?page_id=1370"},"modified":"2022-06-12T18:26:37","modified_gmt":"2022-06-12T18:26:37","slug":"lev-vel-kapitel-9","status":"publish","type":"page","link":"https:\/\/catsunivers.com\/en\/podcast\/lev-vel\/lev-vel-kapitel-9\/","title":{"rendered":"Lev Vel: kapitel 9"},"content":{"rendered":"<div data-elementor-type=\"wp-page\" data-elementor-id=\"1370\" class=\"elementor elementor-1370\">\n\t\t\t\t\t\t<section class=\"elementor-section elementor-top-section elementor-element elementor-element-326e3bc4 elementor-section-boxed elementor-section-height-default elementor-section-height-default\" data-id=\"326e3bc4\" data-element_type=\"section\">\n\t\t\t\t\t\t<div class=\"elementor-container elementor-column-gap-default\">\n\t\t\t\t\t<div class=\"elementor-column elementor-col-100 elementor-top-column elementor-element elementor-element-4a7c5a2\" data-id=\"4a7c5a2\" data-element_type=\"column\">\n\t\t\t<div class=\"elementor-widget-wrap elementor-element-populated\">\n\t\t\t\t\t\t<div class=\"elementor-element elementor-element-b3da65f elementor-widget elementor-widget-heading\" data-id=\"b3da65f\" data-element_type=\"widget\" data-widget_type=\"heading.default\">\n\t\t\t\t<div class=\"elementor-widget-container\">\n\t\t\t<h1 class=\"elementor-heading-title elementor-size-default\">Kapitel 9: P\u00e5 jagt efter Molly<\/h1>\t\t<\/div>\n\t\t\t\t<\/div>\n\t\t\t\t<div class=\"elementor-element elementor-element-14f13abe elementor-widget elementor-widget-ucaddon_uc_minified_audio_player\" data-id=\"14f13abe\" data-element_type=\"widget\" data-widget_type=\"ucaddon_uc_minified_audio_player.default\">\n\t\t\t\t<div class=\"elementor-widget-container\">\n\t\t\t\n<!-- start Minified Audio Player -->\n\t\t<link id='font-awesome-css' href='https:\/\/catsunivers.com\/wp-content\/plugins\/unlimited-elements-for-elementor\/assets_libraries\/font-awesome6\/fontawesome-all.min.css' type='text\/css' rel='stylesheet' >\n\t\t<link id='font-awesome-4-shim-css' href='https:\/\/catsunivers.com\/wp-content\/plugins\/unlimited-elements-for-elementor\/assets_libraries\/font-awesome6\/fontawesome-v4-shims.min.css' type='text\/css' rel='stylesheet' >\n\t\t<link id='uc_cdnjs_cloudflare_com_ajax_libs_mediaelement_2_23_4_mediaelementplayer_css-css' href='https:\/\/cdnjs.cloudflare.com\/ajax\/libs\/mediaelement\/2.23.4\/mediaelementplayer.css' type='text\/css' rel='stylesheet' >\n\t\t<link id='uc_ac_assets_file_uc_minified_audio_player_css_25187-css' href='https:\/\/catsunivers.com\/wp-content\/uploads\/ac_assets\/uc_minified_audio_player\/uc_minified_audio_player.css' type='text\/css' rel='stylesheet' >\n\n<style>\/* widget: Minified Audio Player *\/\n\n#uc_uc_minified_audio_player_elementor_14f13abe .mejs-play button::after{ font: normal 20px\/1 \"Font Awesome 5 Free\";content:\"\\f04b\";\tposition:absolute;color:#fff;left:0px; top:0px; font-weight:900;}\n#uc_uc_minified_audio_player_elementor_14f13abe .mejs-pause button::after{font: normal 20px\/1 \"Font Awesome 5 Free\";content:\"\\f04c \";\tposition:absolute;color:#fff;left:0px; top:0px; font-weight:900;}\n#uc_uc_minified_audio_player_elementor_14f13abe .mejs-volume-button button::after{font: normal 16px\/1 \"Font Awesome 5 Free\";content:\"\\f028\";position:absolute;color:#fff;left:0px; top:0px; font-weight:900;}\n#uc_uc_minified_audio_player_elementor_14f13abe .mejs-unmute button::after{font: normal 16px\/1 \"Font Awesome 5 Free\";content:\"\\f026\";position:absolute;color:#fff;left:0px; top:0px; font-weight:900;}\n\n<\/style>\n\n<div class=\"uc_minified_audio_player\" id=\"uc_uc_minified_audio_player_elementor_14f13abe\" style=\"direction:ltr;\">\n    <div class=\"uc_container_image\" style=\"background-color:#97E0FF;\">\n    \t<div class=\"uc_audio_caption\">\n            <audio id=\"player-uc_uc_minified_audio_player_elementor_14f13abe\" src=\"https:\/\/catsunivers.com\/#\" type=\"audio\/mpeg\" controls><\/audio>\t\n        <\/div>\n    <\/div>\n<\/div>\n<!-- end Minified Audio Player -->\t\t<\/div>\n\t\t\t\t<\/div>\n\t\t\t\t<section class=\"elementor-section elementor-inner-section elementor-element elementor-element-9e63e6f elementor-section-boxed elementor-section-height-default elementor-section-height-default\" data-id=\"9e63e6f\" data-element_type=\"section\">\n\t\t\t\t\t\t<div class=\"elementor-container elementor-column-gap-default\">\n\t\t\t\t\t<div class=\"elementor-column elementor-col-50 elementor-inner-column elementor-element elementor-element-555d99c4\" data-id=\"555d99c4\" data-element_type=\"column\" data-settings=\"{&quot;background_background&quot;:&quot;classic&quot;}\">\n\t\t\t<div class=\"elementor-widget-wrap elementor-element-populated\">\n\t\t\t\t\t<div class=\"elementor-background-overlay\"><\/div>\n\t\t\t\t\t\t<div class=\"elementor-element elementor-element-7619b33e elementor-widget elementor-widget-text-editor\" data-id=\"7619b33e\" data-element_type=\"widget\" data-widget_type=\"text-editor.default\">\n\t\t\t\t<div class=\"elementor-widget-container\">\n\t\t\t\t\t\t\t<ul><li>Sissel ligger i sin seng og f\u00e5r tegnet kortet over hotellet. Hun begynder at f\u00e5 en id\u00e9 om, hvordan Molly er smuglet ud af bygningen<\/li><li>Adam og Fiona sp\u00f8rger omkring<\/li><li>Georgia s\u00e6ttes ind i situationen og aktiverer alle tourguides i hele Edinburgh for at h\u00f8re, om de har set noget mystisk<\/li><li>M&amp;M, der er pensioneret politimand, og far udsp\u00f8rger hotellets personale<\/li><li>Far og mor taler om informationerne ved frokosten sammen med Cat og Lucas, der er tilbage fra camp<\/li><li>Efterretningsinformationerne fra b\u00f8rnene samles ved Sissel, der har plastret hele sit v\u00e6relse til med post-it nodes<\/li><li>Cat leder overalt med Adam og Lucas &#8211; Lucas viser sig at v\u00e6re en super god storebror &#8211; vil gerne imponere Fiona, der er rigtig s\u00f8d<\/li><li>Cat er virkelig bange for aldrig at se Molly igen. Men f\u00f8ler sig styrket ved de mange mennesker omkring sig. Hun overraskes over, at s\u00e5 mange st\u00f8tter hende og det f\u00e5r hende til at f\u00f8le styrke. Hun overrasker sig selv ved at f\u00f8lge efter Thomas Andersson p\u00e5 hans friaften<\/li><\/ul>\t\t\t\t\t\t<\/div>\n\t\t\t\t<\/div>\n\t\t\t\t\t<\/div>\n\t\t<\/div>\n\t\t\t\t<div class=\"elementor-column elementor-col-50 elementor-inner-column elementor-element elementor-element-615b28cc\" data-id=\"615b28cc\" data-element_type=\"column\">\n\t\t\t<div class=\"elementor-widget-wrap elementor-element-populated\">\n\t\t\t\t\t\t<div class=\"elementor-element elementor-element-3f25347e elementor-widget elementor-widget-image\" data-id=\"3f25347e\" data-element_type=\"widget\" data-widget_type=\"image.default\">\n\t\t\t\t<div class=\"elementor-widget-container\">\n\t\t\t\t\t\t\t\t\t\t\t\t\t<img fetchpriority=\"high\" decoding=\"async\" width=\"960\" height=\"960\" src=\"https:\/\/catsunivers.com\/wp-content\/uploads\/2021\/01\/tapet2.jpeg\" class=\"attachment-full size-full wp-image-397\" alt=\"\" srcset=\"https:\/\/catsunivers.com\/wp-content\/uploads\/2021\/01\/tapet2.jpeg 960w, https:\/\/catsunivers.com\/wp-content\/uploads\/2021\/01\/tapet2-300x300.jpeg 300w, https:\/\/catsunivers.com\/wp-content\/uploads\/2021\/01\/tapet2-150x150.jpeg 150w, https:\/\/catsunivers.com\/wp-content\/uploads\/2021\/01\/tapet2-768x768.jpeg 768w\" sizes=\"(max-width: 960px) 100vw, 960px\" \/>\t\t\t\t\t\t\t\t\t\t\t\t\t<\/div>\n\t\t\t\t<\/div>\n\t\t\t\t\t<\/div>\n\t\t<\/div>\n\t\t\t\t\t<\/div>\n\t\t<\/section>\n\t\t\t\t\t<\/div>\n\t\t<\/div>\n\t\t\t\t\t<\/div>\n\t\t<\/section>\n\t\t\t\t<section class=\"elementor-section elementor-top-section elementor-element elementor-element-5d3ce89 elementor-section-boxed elementor-section-height-default elementor-section-height-default\" data-id=\"5d3ce89\" data-element_type=\"section\">\n\t\t\t\t\t\t<div class=\"elementor-container elementor-column-gap-default\">\n\t\t\t\t\t<div class=\"elementor-column elementor-col-10 elementor-top-column elementor-element elementor-element-d4bd880\" data-id=\"d4bd880\" data-element_type=\"column\">\n\t\t\t<div class=\"elementor-widget-wrap elementor-element-populated\">\n\t\t\t\t\t\t<div class=\"elementor-element elementor-element-9a73902 elementor-view-default elementor-widget elementor-widget-icon\" data-id=\"9a73902\" data-element_type=\"widget\" data-widget_type=\"icon.default\">\n\t\t\t\t<div class=\"elementor-widget-container\">\n\t\t\t\t\t<div class=\"elementor-icon-wrapper\">\n\t\t\t<div class=\"elementor-icon\">\n\t\t\t<i aria-hidden=\"true\" class=\"fas fa-angle-left\"><\/i>\t\t\t<\/div>\n\t\t<\/div>\n\t\t\t\t<\/div>\n\t\t\t\t<\/div>\n\t\t\t\t\t<\/div>\n\t\t<\/div>\n\t\t\t\t<div class=\"elementor-column elementor-col-10 elementor-top-column elementor-element elementor-element-c20f091\" data-id=\"c20f091\" data-element_type=\"column\">\n\t\t\t<div class=\"elementor-widget-wrap elementor-element-populated\">\n\t\t\t\t\t\t<div class=\"elementor-element elementor-element-e521afd elementor-widget elementor-widget-image\" data-id=\"e521afd\" data-element_type=\"widget\" data-widget_type=\"image.default\">\n\t\t\t\t<div class=\"elementor-widget-container\">\n\t\t\t\t\t\t\t\t\t\t\t\t\t\t<a href=\"https:\/\/catsunivers.com\/en\/podcast\/lev-vel\/lev-vel-kapitel-8\/\">\n\t\t\t\t\t\t\t<img decoding=\"async\" width=\"202\" height=\"108\" src=\"https:\/\/catsunivers.com\/wp-content\/uploads\/2021\/01\/knap8.png\" class=\"elementor-animation-shrink attachment-large size-large wp-image-730\" alt=\"\" srcset=\"https:\/\/catsunivers.com\/wp-content\/uploads\/2021\/01\/knap8.png 202w, https:\/\/catsunivers.com\/wp-content\/uploads\/2021\/01\/knap8-16x9.png 16w\" sizes=\"(max-width: 202px) 100vw, 202px\" \/>\t\t\t\t\t\t\t\t<\/a>\n\t\t\t\t\t\t\t\t\t\t\t\t\t<\/div>\n\t\t\t\t<\/div>\n\t\t\t\t\t<\/div>\n\t\t<\/div>\n\t\t\t\t<div class=\"elementor-column elementor-col-10 elementor-top-column elementor-element elementor-element-e8af6ce\" data-id=\"e8af6ce\" data-element_type=\"column\">\n\t\t\t<div class=\"elementor-widget-wrap\">\n\t\t\t\t\t\t\t<\/div>\n\t\t<\/div>\n\t\t\t\t<div class=\"elementor-column elementor-col-10 elementor-top-column elementor-element elementor-element-b4ae560\" data-id=\"b4ae560\" data-element_type=\"column\">\n\t\t\t<div class=\"elementor-widget-wrap\">\n\t\t\t\t\t\t\t<\/div>\n\t\t<\/div>\n\t\t\t\t<div class=\"elementor-column elementor-col-10 elementor-top-column elementor-element elementor-element-7703245\" data-id=\"7703245\" data-element_type=\"column\">\n\t\t\t<div class=\"elementor-widget-wrap\">\n\t\t\t\t\t\t\t<\/div>\n\t\t<\/div>\n\t\t\t\t<div class=\"elementor-column elementor-col-10 elementor-top-column elementor-element elementor-element-eee8da5\" data-id=\"eee8da5\" data-element_type=\"column\">\n\t\t\t<div class=\"elementor-widget-wrap\">\n\t\t\t\t\t\t\t<\/div>\n\t\t<\/div>\n\t\t\t\t<div class=\"elementor-column elementor-col-10 elementor-top-column elementor-element elementor-element-ad66606\" data-id=\"ad66606\" data-element_type=\"column\">\n\t\t\t<div class=\"elementor-widget-wrap\">\n\t\t\t\t\t\t\t<\/div>\n\t\t<\/div>\n\t\t\t\t<div class=\"elementor-column elementor-col-10 elementor-top-column elementor-element elementor-element-e91abb5\" data-id=\"e91abb5\" data-element_type=\"column\">\n\t\t\t<div class=\"elementor-widget-wrap\">\n\t\t\t\t\t\t\t<\/div>\n\t\t<\/div>\n\t\t\t\t<div class=\"elementor-column elementor-col-10 elementor-top-column elementor-element elementor-element-7cbdd27\" data-id=\"7cbdd27\" data-element_type=\"column\">\n\t\t\t<div class=\"elementor-widget-wrap elementor-element-populated\">\n\t\t\t\t\t\t<div class=\"elementor-element elementor-element-f244302 elementor-widget elementor-widget-image\" data-id=\"f244302\" data-element_type=\"widget\" data-widget_type=\"image.default\">\n\t\t\t\t<div class=\"elementor-widget-container\">\n\t\t\t\t\t\t\t\t\t\t\t\t\t\t<a href=\"https:\/\/catsunivers.com\/en\/podcast\/lev-vel\/lev-vel-kapitel-10\/\">\n\t\t\t\t\t\t\t<img decoding=\"async\" width=\"202\" height=\"108\" src=\"https:\/\/catsunivers.com\/wp-content\/uploads\/2021\/01\/knap10.png\" class=\"elementor-animation-shrink attachment-large size-large wp-image-736\" alt=\"\" srcset=\"https:\/\/catsunivers.com\/wp-content\/uploads\/2021\/01\/knap10.png 202w, https:\/\/catsunivers.com\/wp-content\/uploads\/2021\/01\/knap10-16x9.png 16w\" sizes=\"(max-width: 202px) 100vw, 202px\" \/>\t\t\t\t\t\t\t\t<\/a>\n\t\t\t\t\t\t\t\t\t\t\t\t\t<\/div>\n\t\t\t\t<\/div>\n\t\t\t\t\t<\/div>\n\t\t<\/div>\n\t\t\t\t<div class=\"elementor-column elementor-col-10 elementor-top-column elementor-element elementor-element-e596947\" data-id=\"e596947\" data-element_type=\"column\">\n\t\t\t<div class=\"elementor-widget-wrap elementor-element-populated\">\n\t\t\t\t\t\t<div class=\"elementor-element elementor-element-9bda0bb elementor-view-default elementor-widget elementor-widget-icon\" data-id=\"9bda0bb\" data-element_type=\"widget\" data-widget_type=\"icon.default\">\n\t\t\t\t<div class=\"elementor-widget-container\">\n\t\t\t\t\t<div class=\"elementor-icon-wrapper\">\n\t\t\t<div class=\"elementor-icon\">\n\t\t\t<i aria-hidden=\"true\" class=\"fas fa-angle-right\"><\/i>\t\t\t<\/div>\n\t\t<\/div>\n\t\t\t\t<\/div>\n\t\t\t\t<\/div>\n\t\t\t\t\t<\/div>\n\t\t<\/div>\n\t\t\t\t\t<\/div>\n\t\t<\/section>\n\t\t\t\t<\/div>","protected":false},"excerpt":{"rendered":"<p>Kapitel 9: P\u00e5 jagt efter Molly Sissel ligger i sin seng og f\u00e5r tegnet kortet over hotellet. Hun begynder at f\u00e5 en id\u00e9 om, hvordan Molly er smuglet ud af bygningen Adam og Fiona sp\u00f8rger omkring Georgia s\u00e6ttes ind i situationen og aktiverer alle tourguides i hele Edinburgh for at h\u00f8re, om de har set [&hellip;]<\/p>","protected":false},"author":1,"featured_media":0,"parent":314,"menu_order":0,"comment_status":"closed","ping_status":"closed","template":"","meta":{"site-sidebar-layout":"no-sidebar","site-content-layout":"page-builder","ast-site-content-layout":"","site-content-style":"default","site-sidebar-style":"default","ast-global-header-display":"","ast-banner-title-visibility":"","ast-main-header-display":"","ast-hfb-above-header-display":"","ast-hfb-below-header-display":"","ast-hfb-mobile-header-display":"","site-post-title":"disabled","ast-breadcrumbs-content":"","ast-featured-img":"disabled","footer-sml-layout":"","theme-transparent-header-meta":"default","adv-header-id-meta":"","stick-header-meta":"","header-above-stick-meta":"","header-main-stick-meta":"","header-below-stick-meta":"","astra-migrate-meta-layouts":"default","ast-page-background-enabled":"default","ast-page-background-meta":{"desktop":{"background-color":"","background-image":"","background-repeat":"repeat","background-position":"center center","background-size":"auto","background-attachment":"scroll","background-type":"","background-media":"","overlay-type":"","overlay-color":"","overlay-opacity":"","overlay-gradient":""},"tablet":{"background-color":"","background-image":"","background-repeat":"repeat","background-position":"center center","background-size":"auto","background-attachment":"scroll","background-type":"","background-media":"","overlay-type":"","overlay-color":"","overlay-opacity":"","overlay-gradient":""},"mobile":{"background-color":"","background-image":"","background-repeat":"repeat","background-position":"center center","background-size":"auto","background-attachment":"scroll","background-type":"","background-media":"","overlay-type":"","overlay-color":"","overlay-opacity":"","overlay-gradient":""}},"ast-content-background-meta":{"desktop":{"background-color":"var(--ast-global-color-5)","background-image":"","background-repeat":"repeat","background-position":"center center","background-size":"auto","background-attachment":"scroll","background-type":"","background-media":"","overlay-type":"","overlay-color":"","overlay-opacity":"","overlay-gradient":""},"tablet":{"background-color":"var(--ast-global-color-5)","background-image":"","background-repeat":"repeat","background-position":"center center","background-size":"auto","background-attachment":"scroll","background-type":"","background-media":"","overlay-type":"","overlay-color":"","overlay-opacity":"","overlay-gradient":""},"mobile":{"background-color":"var(--ast-global-color-5)","background-image":"","background-repeat":"repeat","background-position":"center center","background-size":"auto","background-attachment":"scroll","background-type":"","background-media":"","overlay-type":"","overlay-color":"","overlay-opacity":"","overlay-gradient":""}},"footnotes":""},"class_list":["post-1370","page","type-page","status-publish","hentry"],"_links":{"self":[{"href":"https:\/\/catsunivers.com\/en\/wp-json\/wp\/v2\/pages\/1370","targetHints":{"allow":["GET"]}}],"collection":[{"href":"https:\/\/catsunivers.com\/en\/wp-json\/wp\/v2\/pages"}],"about":[{"href":"https:\/\/catsunivers.com\/en\/wp-json\/wp\/v2\/types\/page"}],"author":[{"embeddable":true,"href":"https:\/\/catsunivers.com\/en\/wp-json\/wp\/v2\/users\/1"}],"replies":[{"embeddable":true,"href":"https:\/\/catsunivers.com\/en\/wp-json\/wp\/v2\/comments?post=1370"}],"version-history":[{"count":13,"href":"https:\/\/catsunivers.com\/en\/wp-json\/wp\/v2\/pages\/1370\/revisions"}],"predecessor-version":[{"id":2102,"href":"https:\/\/catsunivers.com\/en\/wp-json\/wp\/v2\/pages\/1370\/revisions\/2102"}],"up":[{"embeddable":true,"href":"https:\/\/catsunivers.com\/en\/wp-json\/wp\/v2\/pages\/314"}],"wp:attachment":[{"href":"https:\/\/catsunivers.com\/en\/wp-json\/wp\/v2\/media?parent=1370"}],"curies":[{"name":"wp","href":"https:\/\/api.w.org\/{rel}","templated":true}]}}