{"id":1372,"date":"2021-02-25T19:33:37","date_gmt":"2021-02-25T19:33:37","guid":{"rendered":"https:\/\/catsunivers.com\/?page_id=1372"},"modified":"2022-06-12T18:47:44","modified_gmt":"2022-06-12T18:47:44","slug":"lev-vel-kapitel-11","status":"publish","type":"page","link":"https:\/\/catsunivers.com\/en\/podcast\/lev-vel\/lev-vel-kapitel-11\/","title":{"rendered":"Lev Vel: kapitel 11"},"content":{"rendered":"<div data-elementor-type=\"wp-page\" data-elementor-id=\"1372\" class=\"elementor elementor-1372\">\n\t\t\t\t\t\t<section class=\"elementor-section elementor-top-section elementor-element elementor-element-326e3bc4 elementor-section-boxed elementor-section-height-default elementor-section-height-default\" data-id=\"326e3bc4\" data-element_type=\"section\">\n\t\t\t\t\t\t<div class=\"elementor-container elementor-column-gap-default\">\n\t\t\t\t\t<div class=\"elementor-column elementor-col-100 elementor-top-column elementor-element elementor-element-4a7c5a2\" data-id=\"4a7c5a2\" data-element_type=\"column\">\n\t\t\t<div class=\"elementor-widget-wrap elementor-element-populated\">\n\t\t\t\t\t\t<div class=\"elementor-element elementor-element-b3da65f elementor-widget elementor-widget-heading\" data-id=\"b3da65f\" data-element_type=\"widget\" data-widget_type=\"heading.default\">\n\t\t\t\t<div class=\"elementor-widget-container\">\n\t\t\t<h1 class=\"elementor-heading-title elementor-size-default\">Kapitel 11: T\u00e6t p\u00e5 opklaring<\/h1>\t\t<\/div>\n\t\t\t\t<\/div>\n\t\t\t\t<div class=\"elementor-element elementor-element-14f13abe elementor-widget elementor-widget-ucaddon_uc_minified_audio_player\" data-id=\"14f13abe\" data-element_type=\"widget\" data-widget_type=\"ucaddon_uc_minified_audio_player.default\">\n\t\t\t\t<div class=\"elementor-widget-container\">\n\t\t\t\n<!-- start Minified Audio Player -->\n\t\t<link id='font-awesome-css' href='https:\/\/catsunivers.com\/wp-content\/plugins\/unlimited-elements-for-elementor\/assets_libraries\/font-awesome6\/fontawesome-all.min.css' type='text\/css' rel='stylesheet' >\n\t\t<link id='font-awesome-4-shim-css' href='https:\/\/catsunivers.com\/wp-content\/plugins\/unlimited-elements-for-elementor\/assets_libraries\/font-awesome6\/fontawesome-v4-shims.min.css' type='text\/css' rel='stylesheet' >\n\t\t<link id='uc_cdnjs_cloudflare_com_ajax_libs_mediaelement_2_23_4_mediaelementplayer_css-css' href='https:\/\/cdnjs.cloudflare.com\/ajax\/libs\/mediaelement\/2.23.4\/mediaelementplayer.css' type='text\/css' rel='stylesheet' >\n\t\t<link id='uc_ac_assets_file_uc_minified_audio_player_css_25187-css' href='https:\/\/catsunivers.com\/wp-content\/uploads\/ac_assets\/uc_minified_audio_player\/uc_minified_audio_player.css' type='text\/css' rel='stylesheet' >\n\n<style>\/* widget: Minified Audio Player *\/\n\n#uc_uc_minified_audio_player_elementor_14f13abe .mejs-play button::after{ font: normal 20px\/1 \"Font Awesome 5 Free\";content:\"\\f04b\";\tposition:absolute;color:#fff;left:0px; top:0px; font-weight:900;}\n#uc_uc_minified_audio_player_elementor_14f13abe .mejs-pause button::after{font: normal 20px\/1 \"Font Awesome 5 Free\";content:\"\\f04c \";\tposition:absolute;color:#fff;left:0px; top:0px; font-weight:900;}\n#uc_uc_minified_audio_player_elementor_14f13abe .mejs-volume-button button::after{font: normal 16px\/1 \"Font Awesome 5 Free\";content:\"\\f028\";position:absolute;color:#fff;left:0px; top:0px; font-weight:900;}\n#uc_uc_minified_audio_player_elementor_14f13abe .mejs-unmute button::after{font: normal 16px\/1 \"Font Awesome 5 Free\";content:\"\\f026\";position:absolute;color:#fff;left:0px; top:0px; font-weight:900;}\n\n<\/style>\n\n<div class=\"uc_minified_audio_player\" id=\"uc_uc_minified_audio_player_elementor_14f13abe\" style=\"direction:ltr;\">\n    <div class=\"uc_container_image\" style=\"background-color:#97E0FF;\">\n    \t<div class=\"uc_audio_caption\">\n            <audio id=\"player-uc_uc_minified_audio_player_elementor_14f13abe\" src=\"https:\/\/catsunivers.com\/#\" type=\"audio\/mpeg\" controls><\/audio>\t\n        <\/div>\n    <\/div>\n<\/div>\n<!-- end Minified Audio Player -->\t\t<\/div>\n\t\t\t\t<\/div>\n\t\t\t\t<section class=\"elementor-section elementor-inner-section elementor-element elementor-element-9e63e6f elementor-section-boxed elementor-section-height-default elementor-section-height-default\" data-id=\"9e63e6f\" data-element_type=\"section\">\n\t\t\t\t\t\t<div class=\"elementor-container elementor-column-gap-default\">\n\t\t\t\t\t<div class=\"elementor-column elementor-col-50 elementor-inner-column elementor-element elementor-element-555d99c4\" data-id=\"555d99c4\" data-element_type=\"column\" data-settings=\"{&quot;background_background&quot;:&quot;classic&quot;}\">\n\t\t\t<div class=\"elementor-widget-wrap elementor-element-populated\">\n\t\t\t\t\t<div class=\"elementor-background-overlay\"><\/div>\n\t\t\t\t\t\t<div class=\"elementor-element elementor-element-7619b33e elementor-widget elementor-widget-text-editor\" data-id=\"7619b33e\" data-element_type=\"widget\" data-widget_type=\"text-editor.default\">\n\t\t\t\t<div class=\"elementor-widget-container\">\n\t\t\t\t\t\t\t<ul><li>Alison fort\u00e6ller, hvordan det h\u00e6nger sammen med Eliza May og bliver renset for mistanke<\/li><li>Georgia inviterer Cat og Sissel p\u00e5 bes\u00f8g ved turistguiderne, der fort\u00e6ller, at der lugter m\u00e6rkeligt i katakomberne<\/li><li>Valentin fort\u00e6ller Fiona, hvordan det h\u00e6nger sammen med Eliza May og Fabian<\/li><li>Lucas og Adam f\u00e5r en id\u00e9 til, hvem der har taget Molly<\/li><li>Cat overbeviser Lucas om, at de f\u00f8rst fort\u00e6ller for\u00e6ldrene det n\u00e6ste dag<\/li><\/ul>\t\t\t\t\t\t<\/div>\n\t\t\t\t<\/div>\n\t\t\t\t\t<\/div>\n\t\t<\/div>\n\t\t\t\t<div class=\"elementor-column elementor-col-50 elementor-inner-column elementor-element elementor-element-615b28cc\" data-id=\"615b28cc\" data-element_type=\"column\">\n\t\t\t<div class=\"elementor-widget-wrap elementor-element-populated\">\n\t\t\t\t\t\t<div class=\"elementor-element elementor-element-3f25347e elementor-widget elementor-widget-image\" data-id=\"3f25347e\" data-element_type=\"widget\" data-widget_type=\"image.default\">\n\t\t\t\t<div class=\"elementor-widget-container\">\n\t\t\t\t\t\t\t\t\t\t\t\t\t<img fetchpriority=\"high\" decoding=\"async\" width=\"960\" height=\"960\" src=\"https:\/\/catsunivers.com\/wp-content\/uploads\/2021\/01\/tapet2.jpeg\" class=\"attachment-full size-full wp-image-397\" alt=\"\" srcset=\"https:\/\/catsunivers.com\/wp-content\/uploads\/2021\/01\/tapet2.jpeg 960w, https:\/\/catsunivers.com\/wp-content\/uploads\/2021\/01\/tapet2-300x300.jpeg 300w, https:\/\/catsunivers.com\/wp-content\/uploads\/2021\/01\/tapet2-150x150.jpeg 150w, https:\/\/catsunivers.com\/wp-content\/uploads\/2021\/01\/tapet2-768x768.jpeg 768w\" sizes=\"(max-width: 960px) 100vw, 960px\" \/>\t\t\t\t\t\t\t\t\t\t\t\t\t<\/div>\n\t\t\t\t<\/div>\n\t\t\t\t\t<\/div>\n\t\t<\/div>\n\t\t\t\t\t<\/div>\n\t\t<\/section>\n\t\t\t\t\t<\/div>\n\t\t<\/div>\n\t\t\t\t\t<\/div>\n\t\t<\/section>\n\t\t\t\t<section class=\"elementor-section elementor-top-section elementor-element elementor-element-b4f9e25 elementor-section-boxed elementor-section-height-default elementor-section-height-default\" data-id=\"b4f9e25\" data-element_type=\"section\">\n\t\t\t\t\t\t<div class=\"elementor-container elementor-column-gap-default\">\n\t\t\t\t\t<div class=\"elementor-column elementor-col-10 elementor-top-column elementor-element elementor-element-07e1941\" data-id=\"07e1941\" data-element_type=\"column\">\n\t\t\t<div class=\"elementor-widget-wrap elementor-element-populated\">\n\t\t\t\t\t\t<div class=\"elementor-element elementor-element-6f4d3fb elementor-view-default elementor-widget elementor-widget-icon\" data-id=\"6f4d3fb\" data-element_type=\"widget\" data-widget_type=\"icon.default\">\n\t\t\t\t<div class=\"elementor-widget-container\">\n\t\t\t\t\t<div class=\"elementor-icon-wrapper\">\n\t\t\t<div class=\"elementor-icon\">\n\t\t\t<i aria-hidden=\"true\" class=\"fas fa-angle-left\"><\/i>\t\t\t<\/div>\n\t\t<\/div>\n\t\t\t\t<\/div>\n\t\t\t\t<\/div>\n\t\t\t\t\t<\/div>\n\t\t<\/div>\n\t\t\t\t<div class=\"elementor-column elementor-col-10 elementor-top-column elementor-element elementor-element-df54336\" data-id=\"df54336\" data-element_type=\"column\">\n\t\t\t<div class=\"elementor-widget-wrap elementor-element-populated\">\n\t\t\t\t\t\t<div class=\"elementor-element elementor-element-ce4d01f elementor-widget elementor-widget-image\" data-id=\"ce4d01f\" data-element_type=\"widget\" data-widget_type=\"image.default\">\n\t\t\t\t<div class=\"elementor-widget-container\">\n\t\t\t\t\t\t\t\t\t\t\t\t\t\t<a href=\"https:\/\/catsunivers.com\/en\/podcast\/lev-vel\/lev-vel-kapitel-10\/\">\n\t\t\t\t\t\t\t<img decoding=\"async\" width=\"202\" height=\"108\" src=\"https:\/\/catsunivers.com\/wp-content\/uploads\/2021\/01\/knap10.png\" class=\"elementor-animation-shrink attachment-large size-large wp-image-736\" alt=\"\" srcset=\"https:\/\/catsunivers.com\/wp-content\/uploads\/2021\/01\/knap10.png 202w, https:\/\/catsunivers.com\/wp-content\/uploads\/2021\/01\/knap10-16x9.png 16w\" sizes=\"(max-width: 202px) 100vw, 202px\" \/>\t\t\t\t\t\t\t\t<\/a>\n\t\t\t\t\t\t\t\t\t\t\t\t\t<\/div>\n\t\t\t\t<\/div>\n\t\t\t\t\t<\/div>\n\t\t<\/div>\n\t\t\t\t<div class=\"elementor-column elementor-col-10 elementor-top-column elementor-element elementor-element-dc91a61\" data-id=\"dc91a61\" data-element_type=\"column\">\n\t\t\t<div class=\"elementor-widget-wrap\">\n\t\t\t\t\t\t\t<\/div>\n\t\t<\/div>\n\t\t\t\t<div class=\"elementor-column elementor-col-10 elementor-top-column elementor-element elementor-element-fdfb405\" data-id=\"fdfb405\" data-element_type=\"column\">\n\t\t\t<div class=\"elementor-widget-wrap\">\n\t\t\t\t\t\t\t<\/div>\n\t\t<\/div>\n\t\t\t\t<div class=\"elementor-column elementor-col-10 elementor-top-column elementor-element elementor-element-d9e81ff\" data-id=\"d9e81ff\" data-element_type=\"column\">\n\t\t\t<div class=\"elementor-widget-wrap\">\n\t\t\t\t\t\t\t<\/div>\n\t\t<\/div>\n\t\t\t\t<div class=\"elementor-column elementor-col-10 elementor-top-column elementor-element elementor-element-aefd991\" data-id=\"aefd991\" data-element_type=\"column\">\n\t\t\t<div class=\"elementor-widget-wrap\">\n\t\t\t\t\t\t\t<\/div>\n\t\t<\/div>\n\t\t\t\t<div class=\"elementor-column elementor-col-10 elementor-top-column elementor-element elementor-element-2c69a2b\" data-id=\"2c69a2b\" data-element_type=\"column\">\n\t\t\t<div class=\"elementor-widget-wrap\">\n\t\t\t\t\t\t\t<\/div>\n\t\t<\/div>\n\t\t\t\t<div class=\"elementor-column elementor-col-10 elementor-top-column elementor-element elementor-element-21ee3d4\" data-id=\"21ee3d4\" data-element_type=\"column\">\n\t\t\t<div class=\"elementor-widget-wrap\">\n\t\t\t\t\t\t\t<\/div>\n\t\t<\/div>\n\t\t\t\t<div class=\"elementor-column elementor-col-10 elementor-top-column elementor-element elementor-element-189a882\" data-id=\"189a882\" data-element_type=\"column\">\n\t\t\t<div class=\"elementor-widget-wrap elementor-element-populated\">\n\t\t\t\t\t\t<div class=\"elementor-element elementor-element-f2f7cc7 elementor-widget elementor-widget-image\" data-id=\"f2f7cc7\" data-element_type=\"widget\" data-widget_type=\"image.default\">\n\t\t\t\t<div class=\"elementor-widget-container\">\n\t\t\t\t\t\t\t\t\t\t\t\t\t\t<a href=\"https:\/\/catsunivers.com\/en\/podcast\/lev-vel\/lev-vel-kapitel-12\/\">\n\t\t\t\t\t\t\t<img decoding=\"async\" width=\"202\" height=\"108\" src=\"https:\/\/catsunivers.com\/wp-content\/uploads\/2021\/01\/knap12.png\" class=\"elementor-animation-shrink attachment-medium size-medium wp-image-738\" alt=\"\" srcset=\"https:\/\/catsunivers.com\/wp-content\/uploads\/2021\/01\/knap12.png 202w, https:\/\/catsunivers.com\/wp-content\/uploads\/2021\/01\/knap12-16x9.png 16w\" sizes=\"(max-width: 202px) 100vw, 202px\" \/>\t\t\t\t\t\t\t\t<\/a>\n\t\t\t\t\t\t\t\t\t\t\t\t\t<\/div>\n\t\t\t\t<\/div>\n\t\t\t\t\t<\/div>\n\t\t<\/div>\n\t\t\t\t<div class=\"elementor-column elementor-col-10 elementor-top-column elementor-element elementor-element-503066a\" data-id=\"503066a\" data-element_type=\"column\">\n\t\t\t<div class=\"elementor-widget-wrap elementor-element-populated\">\n\t\t\t\t\t\t<div class=\"elementor-element elementor-element-ca0ffd0 elementor-view-default elementor-widget elementor-widget-icon\" data-id=\"ca0ffd0\" data-element_type=\"widget\" data-widget_type=\"icon.default\">\n\t\t\t\t<div class=\"elementor-widget-container\">\n\t\t\t\t\t<div class=\"elementor-icon-wrapper\">\n\t\t\t<div class=\"elementor-icon\">\n\t\t\t<i aria-hidden=\"true\" class=\"fas fa-angle-right\"><\/i>\t\t\t<\/div>\n\t\t<\/div>\n\t\t\t\t<\/div>\n\t\t\t\t<\/div>\n\t\t\t\t\t<\/div>\n\t\t<\/div>\n\t\t\t\t\t<\/div>\n\t\t<\/section>\n\t\t\t\t<\/div>","protected":false},"excerpt":{"rendered":"<p>Kapitel 11: T\u00e6t p\u00e5 opklaring Alison fort\u00e6ller, hvordan det h\u00e6nger sammen med Eliza May og bliver renset for mistanke Georgia inviterer Cat og Sissel p\u00e5 bes\u00f8g ved turistguiderne, der fort\u00e6ller, at der lugter m\u00e6rkeligt i katakomberne Valentin fort\u00e6ller Fiona, hvordan det h\u00e6nger sammen med Eliza May og Fabian Lucas og Adam f\u00e5r en id\u00e9 til, [&hellip;]<\/p>","protected":false},"author":1,"featured_media":0,"parent":314,"menu_order":0,"comment_status":"closed","ping_status":"closed","template":"","meta":{"site-sidebar-layout":"no-sidebar","site-content-layout":"page-builder","ast-site-content-layout":"","site-content-style":"default","site-sidebar-style":"default","ast-global-header-display":"","ast-banner-title-visibility":"","ast-main-header-display":"","ast-hfb-above-header-display":"","ast-hfb-below-header-display":"","ast-hfb-mobile-header-display":"","site-post-title":"disabled","ast-breadcrumbs-content":"","ast-featured-img":"disabled","footer-sml-layout":"","theme-transparent-header-meta":"default","adv-header-id-meta":"","stick-header-meta":"","header-above-stick-meta":"","header-main-stick-meta":"","header-below-stick-meta":"","astra-migrate-meta-layouts":"default","ast-page-background-enabled":"default","ast-page-background-meta":{"desktop":{"background-color":"","background-image":"","background-repeat":"repeat","background-position":"center center","background-size":"auto","background-attachment":"scroll","background-type":"","background-media":"","overlay-type":"","overlay-color":"","overlay-opacity":"","overlay-gradient":""},"tablet":{"background-color":"","background-image":"","background-repeat":"repeat","background-position":"center center","background-size":"auto","background-attachment":"scroll","background-type":"","background-media":"","overlay-type":"","overlay-color":"","overlay-opacity":"","overlay-gradient":""},"mobile":{"background-color":"","background-image":"","background-repeat":"repeat","background-position":"center center","background-size":"auto","background-attachment":"scroll","background-type":"","background-media":"","overlay-type":"","overlay-color":"","overlay-opacity":"","overlay-gradient":""}},"ast-content-background-meta":{"desktop":{"background-color":"var(--ast-global-color-5)","background-image":"","background-repeat":"repeat","background-position":"center center","background-size":"auto","background-attachment":"scroll","background-type":"","background-media":"","overlay-type":"","overlay-color":"","overlay-opacity":"","overlay-gradient":""},"tablet":{"background-color":"var(--ast-global-color-5)","background-image":"","background-repeat":"repeat","background-position":"center center","background-size":"auto","background-attachment":"scroll","background-type":"","background-media":"","overlay-type":"","overlay-color":"","overlay-opacity":"","overlay-gradient":""},"mobile":{"background-color":"var(--ast-global-color-5)","background-image":"","background-repeat":"repeat","background-position":"center center","background-size":"auto","background-attachment":"scroll","background-type":"","background-media":"","overlay-type":"","overlay-color":"","overlay-opacity":"","overlay-gradient":""}},"footnotes":""},"class_list":["post-1372","page","type-page","status-publish","hentry"],"_links":{"self":[{"href":"https:\/\/catsunivers.com\/en\/wp-json\/wp\/v2\/pages\/1372","targetHints":{"allow":["GET"]}}],"collection":[{"href":"https:\/\/catsunivers.com\/en\/wp-json\/wp\/v2\/pages"}],"about":[{"href":"https:\/\/catsunivers.com\/en\/wp-json\/wp\/v2\/types\/page"}],"author":[{"embeddable":true,"href":"https:\/\/catsunivers.com\/en\/wp-json\/wp\/v2\/users\/1"}],"replies":[{"embeddable":true,"href":"https:\/\/catsunivers.com\/en\/wp-json\/wp\/v2\/comments?post=1372"}],"version-history":[{"count":10,"href":"https:\/\/catsunivers.com\/en\/wp-json\/wp\/v2\/pages\/1372\/revisions"}],"predecessor-version":[{"id":2108,"href":"https:\/\/catsunivers.com\/en\/wp-json\/wp\/v2\/pages\/1372\/revisions\/2108"}],"up":[{"embeddable":true,"href":"https:\/\/catsunivers.com\/en\/wp-json\/wp\/v2\/pages\/314"}],"wp:attachment":[{"href":"https:\/\/catsunivers.com\/en\/wp-json\/wp\/v2\/media?parent=1372"}],"curies":[{"name":"wp","href":"https:\/\/api.w.org\/{rel}","templated":true}]}}